{"id":23979,"date":"2025-06-24T19:16:47","date_gmt":"2025-06-24T19:16:47","guid":{"rendered":"https:\/\/alova.is\/product\/bone-x1\/"},"modified":"2026-02-15T17:15:01","modified_gmt":"2026-02-15T17:15:01","slug":"bone-x1","status":"publish","type":"product","link":"https:\/\/alova.is\/en\/product\/bone-x1\/","title":{"rendered":"Bone X1 beinlei\u00f0ni heyrnart\u00f3l me\u00f0 IPX5 vatnsv\u00f6rn"},"content":{"rendered":"<div style=\"width: 960px;\" class=\"wp-video\"><video class=\"wp-video-shortcode\" id=\"video-23979-1\" width=\"960\" height=\"540\" preload=\"metadata\" controls=\"controls\"><source type=\"video\/mp4\" src=\"https:\/\/fodurlandid.is\/wp-content\/uploads\/2025\/06\/Bone-X1.mp4?_=1\" \/><a href=\"https:\/\/fodurlandid.is\/wp-content\/uploads\/2025\/06\/Bone-X1.mp4\">https:\/\/fodurlandid.is\/wp-content\/uploads\/2025\/06\/Bone-X1.mp4<\/a><\/video><\/div>\n","protected":false},"excerpt":{"rendered":"<p>St\u00edlhrein \u00fer\u00e1\u00f0laus beinlei\u00f0ni heyrnart\u00f3l me\u00f0 hlj\u00f3\u00f0nema og IPX5 vatnsv\u00f6rn sem \u00feola svita og rigningu. Heyrnart\u00f3lin eru a\u00f0eins 28 gr\u00f6mm a\u00f0 \u00feyngd. \u00dea\u00f0 er h\u00e6gt a\u00f0 hlusta \u00ed allt a\u00f0 7 klukkut\u00edma \u00ed stanslausri spilun, 6 klst tal \u00ed s\u00edma og 12 daga \u00ed bi\u00f0 \u00e1 einni hle\u00f0slu. Beinlei\u00f0nit\u00e6kni gerir \u00fe\u00e9r kleift a\u00f0 hlusta \u00e1 t\u00f3nlist \u00e1 sama t\u00edma og \u00fe\u00fa heyrir fullkomlega vel \u00ed umhverfinu hvort sem \u00fe\u00fa ert \u00ed vinnunni, r\u00e6ktinni, \u00ed g\u00f6ngut\u00far, a\u00f0 hlaupa e\u00f0a golfi me\u00f0 f\u00e9l\u00f6gunum \u00e1n \u00feess a\u00f0 missa athygli og f\u00f3rna hlj\u00f3mg\u00e6\u00f0um. \u00de\u00e1 m\u00e1 einnig nota heyrnart\u00f3lin til a\u00f0 hlusta \u00e1 hlj\u00f3\u00f0b\u00e6kur, Youtube, t\u00f3nlist e\u00f0a sj\u00f3nvarpi\u00f0.<\/p>\n<p>Mj\u00f6g g\u00f3\u00f0 samh\u00e6fni og hr\u00f6\u00f0 tenging vi\u00f0 \u00f6ll helstu bluetooth t\u00e6ki. St\u00fdringin er \u00e1 h\u00e6gri hli\u00f0 vi\u00f0 eyra en \u00fear getur \u00fe\u00fa stj\u00f3rna\u00f0 afspilun, h\u00e6kka\u00f0, l\u00e6kka\u00f0, svara\u00f0, kveikt og sl\u00f6kkt.<\/p>\n<p>\u2013 Sj\u00e1 video ne\u00f0ar \u00e1 s\u00ed\u00f0u<br \/>\n\u2013 Litur: Svartur<br \/>\n\u2013 \u00deyngd: 28g<br \/>\n\u2013 Bluetooth: 5.2 (allt a\u00f0 10m dr\u00e6gni)<br \/>\n\u2013 Rafhl\u00f6\u00f0uending: 7 klst spilun \/ 6 klst tal \u00ed s\u00edma<br \/>\n\u2013 Vatnsv\u00f6rn: IPX5 (rigning og sviti)<br \/>\n\u2013 Segulhle\u00f0slusn\u00fara fylgir me\u00f0<br \/>\n\u2013 Vottun: CE, ROHS og FCC<\/p>\n","protected":false},"featured_media":23977,"template":"","meta":[],"product_brand":[396],"product_cat":[401,400,399],"product_tag":[],"class_list":{"0":"post-23979","1":"product","2":"type-product","3":"status-publish","4":"has-post-thumbnail","6":"product_brand-alova","7":"product_cat-a-eyru-on-ear","8":"product_cat-beinleidni-bone-conduction","9":"product_cat-heyrnartol","11":"first","12":"instock","13":"taxable","14":"shipping-taxable","15":"purchasable","16":"product-type-simple"},"yoast_head":"<!-- This site is optimized with the Yoast SEO plugin v27.4 - https:\/\/yoast.com\/product\/yoast-seo-wordpress\/ -->\n<title>X1 beinlei\u00f0ni heyrnart\u00f3l me\u00f0 IPX5 svita- og vatnsv\u00f6rn<\/title>\n<meta name=\"description\" content=\"Me\u00f0 beinlei\u00f0nit\u00e6kni heyrir \u00fe\u00fa fullkomlega vel \u00ed umhverfinu \u00ed vinnunni, r\u00e6ktinni, g\u00f6ngut\u00far e\u00f0a golfi \u00e1n \u00feess a\u00f0 missa athygli &amp; f\u00f3rna hlj\u00f3mg\u00e6\u00f0um.\" \/>\n<meta name=\"robots\" content=\"index, follow, max-snippet:-1, max-image-preview:large, max-video-preview:-1\" \/>\n<link rel=\"canonical\" href=\"https:\/\/alova.is\/product\/bone-x1\/\" \/>\n<meta property=\"og:locale\" content=\"en_US\" \/>\n<meta property=\"og:type\" content=\"article\" \/>\n<meta property=\"og:title\" content=\"X1 beinlei\u00f0ni heyrnart\u00f3l me\u00f0 IPX5 svita- og vatnsv\u00f6rn\" \/>\n<meta property=\"og:description\" content=\"Me\u00f0 beinlei\u00f0nit\u00e6kni heyrir \u00fe\u00fa fullkomlega vel \u00ed umhverfinu \u00ed vinnunni, r\u00e6ktinni, g\u00f6ngut\u00far e\u00f0a golfi \u00e1n \u00feess a\u00f0 missa athygli &amp; f\u00f3rna hlj\u00f3mg\u00e6\u00f0um.\" \/>\n<meta property=\"og:url\" content=\"https:\/\/alova.is\/product\/bone-x1\/\" \/>\n<meta property=\"og:site_name\" content=\"Alova\" \/>\n<meta property=\"article:modified_time\" content=\"2026-02-15T17:15:01+00:00\" \/>\n<meta property=\"og:image\" content=\"https:\/\/alova.is\/wp-content\/uploads\/2025\/06\/Bone_X1.jpg\" \/>\n\t<meta property=\"og:image:width\" content=\"600\" \/>\n\t<meta property=\"og:image:height\" content=\"600\" \/>\n\t<meta property=\"og:image:type\" content=\"image\/jpeg\" \/>\n<meta name=\"twitter:card\" content=\"summary_large_image\" \/>\n<meta name=\"twitter:label1\" content=\"Est. reading time\" \/>\n\t<meta name=\"twitter:data1\" content=\"1 minute\" \/>\n<script type=\"application\/ld+json\" class=\"yoast-schema-graph\">{\"@context\":\"https:\\\/\\\/schema.org\",\"@graph\":[{\"@type\":\"WebPage\",\"@id\":\"https:\\\/\\\/alova.is\\\/product\\\/bone-x1\\\/\",\"url\":\"https:\\\/\\\/alova.is\\\/product\\\/bone-x1\\\/\",\"name\":\"X1 beinlei\u00f0ni heyrnart\u00f3l me\u00f0 IPX5 svita- og vatnsv\u00f6rn\",\"isPartOf\":{\"@id\":\"https:\\\/\\\/alova.is\\\/#website\"},\"primaryImageOfPage\":{\"@id\":\"https:\\\/\\\/alova.is\\\/product\\\/bone-x1\\\/#primaryimage\"},\"image\":{\"@id\":\"https:\\\/\\\/alova.is\\\/product\\\/bone-x1\\\/#primaryimage\"},\"thumbnailUrl\":\"https:\\\/\\\/alova.is\\\/wp-content\\\/uploads\\\/2025\\\/06\\\/Bone_X1.jpg\",\"datePublished\":\"2025-06-24T19:16:47+00:00\",\"dateModified\":\"2026-02-15T17:15:01+00:00\",\"description\":\"Me\u00f0 beinlei\u00f0nit\u00e6kni heyrir \u00fe\u00fa fullkomlega vel \u00ed umhverfinu \u00ed vinnunni, r\u00e6ktinni, g\u00f6ngut\u00far e\u00f0a golfi \u00e1n \u00feess a\u00f0 missa athygli & f\u00f3rna hlj\u00f3mg\u00e6\u00f0um.\",\"breadcrumb\":{\"@id\":\"https:\\\/\\\/alova.is\\\/product\\\/bone-x1\\\/#breadcrumb\"},\"inLanguage\":\"en-US\",\"potentialAction\":[{\"@type\":\"ReadAction\",\"target\":[\"https:\\\/\\\/alova.is\\\/product\\\/bone-x1\\\/\"]}]},{\"@type\":\"ImageObject\",\"inLanguage\":\"en-US\",\"@id\":\"https:\\\/\\\/alova.is\\\/product\\\/bone-x1\\\/#primaryimage\",\"url\":\"https:\\\/\\\/alova.is\\\/wp-content\\\/uploads\\\/2025\\\/06\\\/Bone_X1.jpg\",\"contentUrl\":\"https:\\\/\\\/alova.is\\\/wp-content\\\/uploads\\\/2025\\\/06\\\/Bone_X1.jpg\",\"width\":600,\"height\":600},{\"@type\":\"BreadcrumbList\",\"@id\":\"https:\\\/\\\/alova.is\\\/product\\\/bone-x1\\\/#breadcrumb\",\"itemListElement\":[{\"@type\":\"ListItem\",\"position\":1,\"name\":\"Home\",\"item\":\"https:\\\/\\\/alova.is\\\/\"},{\"@type\":\"ListItem\",\"position\":2,\"name\":\"Shop\",\"item\":\"https:\\\/\\\/www.vorulagerinn.is\\\/heildsala\\\/en\\\/shop\\\/\"},{\"@type\":\"ListItem\",\"position\":3,\"name\":\"Bone X1 beinlei\u00f0ni heyrnart\u00f3l me\u00f0 IPX5 vatnsv\u00f6rn\"}]},{\"@type\":\"WebSite\",\"@id\":\"https:\\\/\\\/alova.is\\\/#website\",\"url\":\"https:\\\/\\\/alova.is\\\/\",\"name\":\"Alova \u00e1 \u00cdslandi\",\"description\":\"Alova\",\"publisher\":{\"@id\":\"https:\\\/\\\/alova.is\\\/#organization\"},\"alternateName\":\"\u00der\u00e1\u00f0laus beinlei\u00f0ni heyrnat\u00f3l\",\"potentialAction\":[{\"@type\":\"SearchAction\",\"target\":{\"@type\":\"EntryPoint\",\"urlTemplate\":\"https:\\\/\\\/alova.is\\\/?s={search_term_string}\"},\"query-input\":{\"@type\":\"PropertyValueSpecification\",\"valueRequired\":true,\"valueName\":\"search_term_string\"}}],\"inLanguage\":\"en-US\"},{\"@type\":\"Organization\",\"@id\":\"https:\\\/\\\/alova.is\\\/#organization\",\"name\":\"\u00der\u00e1\u00f0laus beinlei\u00f0ni heyrnat\u00f3l fr\u00e1 Alova\",\"url\":\"https:\\\/\\\/alova.is\\\/\",\"logo\":{\"@type\":\"ImageObject\",\"inLanguage\":\"en-US\",\"@id\":\"https:\\\/\\\/alova.is\\\/#\\\/schema\\\/logo\\\/image\\\/\",\"url\":\"https:\\\/\\\/alova.is\\\/wp-content\\\/uploads\\\/2024\\\/08\\\/Alova_Logo_.png\",\"contentUrl\":\"https:\\\/\\\/alova.is\\\/wp-content\\\/uploads\\\/2024\\\/08\\\/Alova_Logo_.png\",\"width\":257,\"height\":58,\"caption\":\"\u00der\u00e1\u00f0laus beinlei\u00f0ni heyrnat\u00f3l fr\u00e1 Alova\"},\"image\":{\"@id\":\"https:\\\/\\\/alova.is\\\/#\\\/schema\\\/logo\\\/image\\\/\"}}]}<\/script>\n<!-- \/ Yoast SEO plugin. -->","yoast_head_json":{"title":"X1 beinlei\u00f0ni heyrnart\u00f3l me\u00f0 IPX5 svita- og vatnsv\u00f6rn","description":"Me\u00f0 beinlei\u00f0nit\u00e6kni heyrir \u00fe\u00fa fullkomlega vel \u00ed umhverfinu \u00ed vinnunni, r\u00e6ktinni, g\u00f6ngut\u00far e\u00f0a golfi \u00e1n \u00feess a\u00f0 missa athygli & f\u00f3rna hlj\u00f3mg\u00e6\u00f0um.","robots":{"index":"index","follow":"follow","max-snippet":"max-snippet:-1","max-image-preview":"max-image-preview:large","max-video-preview":"max-video-preview:-1"},"canonical":"https:\/\/alova.is\/product\/bone-x1\/","og_locale":"en_US","og_type":"article","og_title":"X1 beinlei\u00f0ni heyrnart\u00f3l me\u00f0 IPX5 svita- og vatnsv\u00f6rn","og_description":"Me\u00f0 beinlei\u00f0nit\u00e6kni heyrir \u00fe\u00fa fullkomlega vel \u00ed umhverfinu \u00ed vinnunni, r\u00e6ktinni, g\u00f6ngut\u00far e\u00f0a golfi \u00e1n \u00feess a\u00f0 missa athygli & f\u00f3rna hlj\u00f3mg\u00e6\u00f0um.","og_url":"https:\/\/alova.is\/product\/bone-x1\/","og_site_name":"Alova","article_modified_time":"2026-02-15T17:15:01+00:00","og_image":[{"width":600,"height":600,"url":"https:\/\/alova.is\/wp-content\/uploads\/2025\/06\/Bone_X1.jpg","type":"image\/jpeg"}],"twitter_card":"summary_large_image","twitter_misc":{"Est. reading time":"1 minute"},"schema":{"@context":"https:\/\/schema.org","@graph":[{"@type":"WebPage","@id":"https:\/\/alova.is\/product\/bone-x1\/","url":"https:\/\/alova.is\/product\/bone-x1\/","name":"X1 beinlei\u00f0ni heyrnart\u00f3l me\u00f0 IPX5 svita- og vatnsv\u00f6rn","isPartOf":{"@id":"https:\/\/alova.is\/#website"},"primaryImageOfPage":{"@id":"https:\/\/alova.is\/product\/bone-x1\/#primaryimage"},"image":{"@id":"https:\/\/alova.is\/product\/bone-x1\/#primaryimage"},"thumbnailUrl":"https:\/\/alova.is\/wp-content\/uploads\/2025\/06\/Bone_X1.jpg","datePublished":"2025-06-24T19:16:47+00:00","dateModified":"2026-02-15T17:15:01+00:00","description":"Me\u00f0 beinlei\u00f0nit\u00e6kni heyrir \u00fe\u00fa fullkomlega vel \u00ed umhverfinu \u00ed vinnunni, r\u00e6ktinni, g\u00f6ngut\u00far e\u00f0a golfi \u00e1n \u00feess a\u00f0 missa athygli & f\u00f3rna hlj\u00f3mg\u00e6\u00f0um.","breadcrumb":{"@id":"https:\/\/alova.is\/product\/bone-x1\/#breadcrumb"},"inLanguage":"en-US","potentialAction":[{"@type":"ReadAction","target":["https:\/\/alova.is\/product\/bone-x1\/"]}]},{"@type":"ImageObject","inLanguage":"en-US","@id":"https:\/\/alova.is\/product\/bone-x1\/#primaryimage","url":"https:\/\/alova.is\/wp-content\/uploads\/2025\/06\/Bone_X1.jpg","contentUrl":"https:\/\/alova.is\/wp-content\/uploads\/2025\/06\/Bone_X1.jpg","width":600,"height":600},{"@type":"BreadcrumbList","@id":"https:\/\/alova.is\/product\/bone-x1\/#breadcrumb","itemListElement":[{"@type":"ListItem","position":1,"name":"Home","item":"https:\/\/alova.is\/"},{"@type":"ListItem","position":2,"name":"Shop","item":"https:\/\/www.vorulagerinn.is\/heildsala\/en\/shop\/"},{"@type":"ListItem","position":3,"name":"Bone X1 beinlei\u00f0ni heyrnart\u00f3l me\u00f0 IPX5 vatnsv\u00f6rn"}]},{"@type":"WebSite","@id":"https:\/\/alova.is\/#website","url":"https:\/\/alova.is\/","name":"Alova \u00e1 \u00cdslandi","description":"Alova","publisher":{"@id":"https:\/\/alova.is\/#organization"},"alternateName":"\u00der\u00e1\u00f0laus beinlei\u00f0ni heyrnat\u00f3l","potentialAction":[{"@type":"SearchAction","target":{"@type":"EntryPoint","urlTemplate":"https:\/\/alova.is\/?s={search_term_string}"},"query-input":{"@type":"PropertyValueSpecification","valueRequired":true,"valueName":"search_term_string"}}],"inLanguage":"en-US"},{"@type":"Organization","@id":"https:\/\/alova.is\/#organization","name":"\u00der\u00e1\u00f0laus beinlei\u00f0ni heyrnat\u00f3l fr\u00e1 Alova","url":"https:\/\/alova.is\/","logo":{"@type":"ImageObject","inLanguage":"en-US","@id":"https:\/\/alova.is\/#\/schema\/logo\/image\/","url":"https:\/\/alova.is\/wp-content\/uploads\/2024\/08\/Alova_Logo_.png","contentUrl":"https:\/\/alova.is\/wp-content\/uploads\/2024\/08\/Alova_Logo_.png","width":257,"height":58,"caption":"\u00der\u00e1\u00f0laus beinlei\u00f0ni heyrnat\u00f3l fr\u00e1 Alova"},"image":{"@id":"https:\/\/alova.is\/#\/schema\/logo\/image\/"}}]}},"_links":{"self":[{"href":"https:\/\/alova.is\/en\/wp-json\/wp\/v2\/product\/23979","targetHints":{"allow":["GET"]}}],"collection":[{"href":"https:\/\/alova.is\/en\/wp-json\/wp\/v2\/product"}],"about":[{"href":"https:\/\/alova.is\/en\/wp-json\/wp\/v2\/types\/product"}],"wp:featuredmedia":[{"embeddable":true,"href":"https:\/\/alova.is\/en\/wp-json\/wp\/v2\/media\/23977"}],"wp:attachment":[{"href":"https:\/\/alova.is\/en\/wp-json\/wp\/v2\/media?parent=23979"}],"wp:term":[{"taxonomy":"product_brand","embeddable":true,"href":"https:\/\/alova.is\/en\/wp-json\/wp\/v2\/product_brand?post=23979"},{"taxonomy":"product_cat","embeddable":true,"href":"https:\/\/alova.is\/en\/wp-json\/wp\/v2\/product_cat?post=23979"},{"taxonomy":"product_tag","embeddable":true,"href":"https:\/\/alova.is\/en\/wp-json\/wp\/v2\/product_tag?post=23979"}],"curies":[{"name":"wp","href":"https:\/\/api.w.org\/{rel}","templated":true}]}}